{"id":6261,"date":"2025-12-12T17:55:22","date_gmt":"2025-12-12T17:55:22","guid":{"rendered":"https:\/\/ezmolalite.com\/?post_type=product&#038;p=6261"},"modified":"2026-04-07T06:51:15","modified_gmt":"2026-04-07T06:51:15","slug":"chaussure-bottes-elegantes","status":"publish","type":"product","link":"https:\/\/ezmolalite.com\/fr\/product\/chaussure-bottes-elegantes\/","title":{"rendered":"Chaussure Bottes \u00e9l\u00e9gantes"},"content":{"rendered":"<p>Chaussure \u00e9l\u00e9gantes pour hommes &#8211; Elegance et Classe<\/p>\n","protected":false},"excerpt":{"rendered":"<p>Chaussure \u00e9l\u00e9gantes pour hommes &#8211; Elegance et Classe<\/p>\n","protected":false},"featured_media":6164,"comment_status":"open","ping_status":"closed","template":"","meta":{"_acf_changed":false},"product_brand":[],"product_cat":[274,20,73,62,347],"product_tag":[131,129],"class_list":{"0":"post-6261","1":"product","2":"type-product","3":"status-publish","4":"has-post-thumbnail","6":"product_cat-chaussures-hoome-mens-shoes","7":"product_cat-men","8":"product_cat-new-arrivals","9":"product_cat-slider","10":"product_cat-speciale-fete","11":"product_tag-chaussure","12":"product_tag-homme","14":"first","15":"instock","16":"sale","17":"shipping-taxable","18":"purchasable","19":"product-type-simple"},"acf":[],"_links":{"self":[{"href":"https:\/\/ezmolalite.com\/fr\/wp-json\/wp\/v2\/product\/6261","targetHints":{"allow":["GET"]}}],"collection":[{"href":"https:\/\/ezmolalite.com\/fr\/wp-json\/wp\/v2\/product"}],"about":[{"href":"https:\/\/ezmolalite.com\/fr\/wp-json\/wp\/v2\/types\/product"}],"replies":[{"embeddable":true,"href":"https:\/\/ezmolalite.com\/fr\/wp-json\/wp\/v2\/comments?post=6261"}],"version-history":[{"count":1,"href":"https:\/\/ezmolalite.com\/fr\/wp-json\/wp\/v2\/product\/6261\/revisions"}],"predecessor-version":[{"id":6262,"href":"https:\/\/ezmolalite.com\/fr\/wp-json\/wp\/v2\/product\/6261\/revisions\/6262"}],"wp:featuredmedia":[{"embeddable":true,"href":"https:\/\/ezmolalite.com\/fr\/wp-json\/wp\/v2\/media\/6164"}],"wp:attachment":[{"href":"https:\/\/ezmolalite.com\/fr\/wp-json\/wp\/v2\/media?parent=6261"}],"wp:term":[{"taxonomy":"product_brand","embeddable":true,"href":"https:\/\/ezmolalite.com\/fr\/wp-json\/wp\/v2\/product_brand?post=6261"},{"taxonomy":"product_cat","embeddable":true,"href":"https:\/\/ezmolalite.com\/fr\/wp-json\/wp\/v2\/product_cat?post=6261"},{"taxonomy":"product_tag","embeddable":true,"href":"https:\/\/ezmolalite.com\/fr\/wp-json\/wp\/v2\/product_tag?post=6261"}],"curies":[{"name":"wp","href":"https:\/\/api.w.org\/{rel}","templated":true}]}}